{"id":190,"date":"2016-11-10T11:43:16","date_gmt":"2016-11-10T10:43:16","guid":{"rendered":"https:\/\/www.dsg-thalheim.at\/?page_id=190"},"modified":"2016-11-10T14:18:52","modified_gmt":"2016-11-10T13:18:52","slug":"links","status":"publish","type":"page","link":"https:\/\/www.dsg-thalheim.at\/?page_id=190","title":{"rendered":"Links"},"content":{"rendered":"<p><a href=\"http:\/\/dsgfussball.heimat.eu\/\" target=\"_blank\">DSG O\u00d6<\/a><br \/>\n<a href=\"http:\/\/www.thalheim.at\/gemeindeamt\/download\/startseite.html\" target=\"_blank\">Gemeinde Thalheim<\/a><br \/>\n<a href=\"http:\/\/www.azzuro.at\/\" target=\"_blank\">Azurro Thalheim<\/a><br \/>\n<a href=\"http:\/\/www.aigner.at\/\" target=\"_blank\">Aigner Absaugtechnologie<\/a><br \/>\n<a href=\"https:\/\/www.delphi-thalheim.at\/\" target=\"_blank\">Restaurant Delphi Thalheim<\/a><br \/>\n<a href=\"http:\/\/www.eska.at\/\" target=\"_blank\">Eska<\/a><br \/>\n<a href=\"https:\/\/www.eww.at\/privat.html\" target=\"_blank\">EWW Gruppe<\/a><br \/>\n<a href=\"http:\/\/www.fmt.biz\/de\/\" target=\"_blank\">FMT<\/a><br \/>\n<a href=\"http:\/\/www.felbermayr.cc\/de\/unternehmen\/standorte\/\" target=\"_blank\">Felbermayr<\/a><br \/>\n<a href=\"https:\/\/www.intersport.at\/eshop\/?adword=SEM_GOOGLE\/Mitbewerber\/Eybl\" target=\"_blank\">Intersport<\/a><br \/>\n<a href=\"http:\/\/www.pachner.at\/\" target=\"_blank\">KFZ Pachner<\/a><br \/>\n<a href=\"http:\/\/www.rico.at\/\" target=\"_blank\">Rico<\/a><br \/>\n<a href=\"https:\/\/www.resch-frisch.com\/de\/fuer-zuhause\/\" target=\"_blank\">Resch &#038; Frisch<\/a><br \/>\n<a href=\"http:\/\/www.raiffeisenbank-wels-sued.at\/eBusiness\/01_template1\/1024012959067-NA-NA-NA-33-NA.html\" target=\"_blank\">Raiffeisenbank Wels-S\u00fcd<\/a><br \/>\n<a href=\"http:\/\/www.porschewels.at\/\" target=\"_blank\">Porsche Wels<\/a><br \/>\n<a href=\"http:\/\/www.colop.com\/de\/\" target=\"_blank\">Colop<\/a><br \/>\n<a href=\"http:\/\/www.brauunion.at\/agegate\" target=\"_blank\">Brau Union<\/a><br \/>\n<a href=\"http:\/\/www.gps-treuhand.at\/content\/wirtschaftspruefer_steuerberater_wels\/index_ger.html\" target=\"_blank\">GPS Treuhand<\/a><br \/>\n<a href=\"http:\/\/www.lema.at\/\" target=\"_blank\">Lema<\/a><\/p>\n","protected":false},"excerpt":{"rendered":"<p>DSG O\u00d6 Gemeinde Thalheim Azurro Thalheim Aigner Absaugtechnologie Restaurant Delphi Thalheim Eska EWW Gruppe FMT Felbermayr Intersport KFZ Pachner Rico Resch &#038; Frisch Raiffeisenbank Wels-S\u00fcd Porsche Wels Colop Brau Union [&#8230;]<\/p>\n","protected":false},"author":2,"featured_media":0,"parent":0,"menu_order":0,"comment_status":"closed","ping_status":"closed","template":"","meta":{"jetpack_post_was_ever_published":false,"footnotes":""},"class_list":["post-190","page","type-page","status-publish","hentry"],"jetpack_sharing_enabled":true,"jetpack_shortlink":"https:\/\/wp.me\/P85jKq-34","jetpack-related-posts":[{"id":177,"url":"https:\/\/www.dsg-thalheim.at\/?page_id=177","url_meta":{"origin":190,"position":0},"title":"Newsletter","author":"Klaus Gramberger","date":"9. November 2016","format":false,"excerpt":"Die DSG Thalheim erstellt f\u00fcr alle Spieler, Mitglieder und Interessierte in regelm\u00e4\u00dfigen Abst\u00e4nden einen Newsletter. In diesem Newsletter stehen die wichtigsten Informationen \u00fcber kommende Veranstaltungen, Spiele uvm. Ihr k\u00f6nnt Euch hier immer den aktuellsten Newsletter ansehen. F\u00fcr die vorangegangenen findet ihr nachfolgend entsprechende Download-Links. \u00a0 DSG Thalheim Newsletter November 2015\u2026","rel":"","context":"\u00c4hnlicher Beitrag","block_context":{"text":"\u00c4hnlicher Beitrag","link":""},"img":{"alt_text":"","src":"","width":0,"height":0},"classes":[]},{"id":171,"url":"https:\/\/www.dsg-thalheim.at\/?page_id=171","url_meta":{"origin":190,"position":1},"title":"50 Jahre DSG Thalheim","author":"Klaus Gramberger","date":"9. November 2016","format":false,"excerpt":"Die DSG Thalheim feierte im Jahr 2014 bereits ihr 50 Jahre Jubil\u00e4um. Zu diesem Anlass wurde eine gro\u00dfe Feier organisiert und f\u00fcr alle Besucher, DSG Mitglieder etc. eine Brosch\u00fcre \u00fcber uns erstellt. Diese Brosch\u00fcre k\u00f6nnt ihr Euch hier ansehen und viel \u00fcber uns erfahren... Unser Werdegang vom Freundeskreis zum Verein,\u2026","rel":"","context":"\u00c4hnlicher Beitrag","block_context":{"text":"\u00c4hnlicher Beitrag","link":""},"img":{"alt_text":"","src":"","width":0,"height":0},"classes":[]},{"id":163,"url":"https:\/\/www.dsg-thalheim.at\/?page_id=163","url_meta":{"origin":190,"position":2},"title":"Trainingszeiten","author":"Klaus Gramberger","date":"8. November 2016","format":false,"excerpt":"Sommer\/Fr\u00fchjahr\/Herbst: Mittwochs von 18:30 - 20:30, Sportplatz Thalheim Winter (vor Neujahr): Mittwochs von 18:00 - 20:00, Turnhalle Volksschule Thalheim Winter (nach Neujahr): Mittwochs von 20:00 - 22:00, Turnhalle Volksschule Thalheim \u00a0 Wir laden herzlich jeden Interessierten zu unseren Trainingszeiten ein um die Mannschaft und das Umfeld kennen zulernen! Bei Fragen\u2026","rel":"","context":"\u00c4hnlicher Beitrag","block_context":{"text":"\u00c4hnlicher Beitrag","link":""},"img":{"alt_text":"","src":"","width":0,"height":0},"classes":[]},{"id":66,"url":"https:\/\/www.dsg-thalheim.at\/","url_meta":{"origin":190,"position":3},"title":"Home","author":"Klaus Gramberger","date":"7. November 2016","format":false,"excerpt":"","rel":"","context":"\u00c4hnlicher Beitrag","block_context":{"text":"\u00c4hnlicher Beitrag","link":""},"img":{"alt_text":"","src":"","width":0,"height":0},"classes":[]},{"id":451,"url":"https:\/\/www.dsg-thalheim.at\/?page_id=451","url_meta":{"origin":190,"position":4},"title":"Verein","author":"Klaus Gramberger","date":"17. November 2016","format":false,"excerpt":"","rel":"","context":"\u00c4hnlicher Beitrag","block_context":{"text":"\u00c4hnlicher Beitrag","link":""},"img":{"alt_text":"","src":"","width":0,"height":0},"classes":[]},{"id":40,"url":"https:\/\/www.dsg-thalheim.at\/?page_id=40","url_meta":{"origin":190,"position":5},"title":"Mannschaft","author":"Klaus Gramberger","date":"7. November 2016","format":false,"excerpt":"","rel":"","context":"\u00c4hnlicher Beitrag","block_context":{"text":"\u00c4hnlicher Beitrag","link":""},"img":{"alt_text":"","src":"","width":0,"height":0},"classes":[]}],"_links":{"self":[{"href":"https:\/\/www.dsg-thalheim.at\/index.php?rest_route=\/wp\/v2\/pages\/190","targetHints":{"allow":["GET"]}}],"collection":[{"href":"https:\/\/www.dsg-thalheim.at\/index.php?rest_route=\/wp\/v2\/pages"}],"about":[{"href":"https:\/\/www.dsg-thalheim.at\/index.php?rest_route=\/wp\/v2\/types\/page"}],"author":[{"embeddable":true,"href":"https:\/\/www.dsg-thalheim.at\/index.php?rest_route=\/wp\/v2\/users\/2"}],"replies":[{"embeddable":true,"href":"https:\/\/www.dsg-thalheim.at\/index.php?rest_route=%2Fwp%2Fv2%2Fcomments&post=190"}],"version-history":[{"count":7,"href":"https:\/\/www.dsg-thalheim.at\/index.php?rest_route=\/wp\/v2\/pages\/190\/revisions"}],"predecessor-version":[{"id":212,"href":"https:\/\/www.dsg-thalheim.at\/index.php?rest_route=\/wp\/v2\/pages\/190\/revisions\/212"}],"wp:attachment":[{"href":"https:\/\/www.dsg-thalheim.at\/index.php?rest_route=%2Fwp%2Fv2%2Fmedia&parent=190"}],"curies":[{"name":"wp","href":"https:\/\/api.w.org\/{rel}","templated":true}]}}